{"id":5429,"date":"2023-08-29T09:57:52","date_gmt":"2023-08-29T07:57:52","guid":{"rendered":"https:\/\/reticube.swdweb.it\/prodotto\/pomello-3d-reticube-lulu\/"},"modified":"2023-09-18T17:40:30","modified_gmt":"2023-09-18T15:40:30","slug":"lulu-3d-knob","status":"publish","type":"product","link":"https:\/\/www.reticube.it\/en\/product\/lulu-3d-knob\/","title":{"rendered":"Lulu 3D Knob"},"content":{"rendered":"<p>How the<strong> Lulu 3D Knob<\/strong> can revolutionize an armoire complement such as a chest of drawers or a closet.<\/p>\n<p>More and more people are paying more and more attention when choosing designer furnishings complements to enhance, enrich or transform their furniture.<\/p>\n<h2>Practicality meets aesthetics<\/h2>\n<p>Let&#8217;s start with a basic assumption: the practicality of a componete is increasingly overlapping with design and aesthetics.<\/p>\n<p>From this transformation, the <strong>3D design line of Reticube Technology knobs<\/strong> has evolved more and more.<\/p>\n<p>Combining the practical with the beautiful. This sounds seemingly simple, but in fact it is not.<\/p>\n<p>From the fusion of traditional craftsmanship and innovation came, through the use of laser sintering, a globe-shaped knob characterized by a series of undercuts. We are talking about the handle, which is formed by a light and harmonious lattice composed of many concentric circles.<\/p>\n<h2>Between Technology and Tradition: Lulu 3D Knob.<\/h2>\n<p>A true cage from which it is possible to look beyond. Its perfectly round shape makes it easy to grip, making this complement not only beautiful but also functional.<\/p>\n<p>The <strong>3D Lulu knob is 100% Made in Italy.<\/strong> In our factories in Calderara di Reno, Bologna, the entire production process comes to life to make our knobs.<\/p>\n<h2>The material chosen is Brass and the finish is Chrome.<\/h2>\n<p>Each knob is sold in its own hard orange box with screw. Very easy to assemble, the Lulu Knob will transform your drawer completely.<\/p>\n<p>Thanks to the texture of the linear cage and its rounded shape, you will be able to combine it with a variety of styles ranging from classic, to modern through Vintage.<\/p>\n","protected":false},"excerpt":{"rendered":"<p>3D Reticube Technology knobs, 100% Made in Italy with the special circle cage.<br \/>\nBrass knobs with Chrome finish.<\/p>\n","protected":false},"featured_media":5431,"template":"","meta":[],"product_cat":[131],"product_tag":[],"yoast_head":"<!-- This site is optimized with the Yoast SEO plugin v20.12 - https:\/\/yoast.com\/wordpress\/plugins\/seo\/ -->\n<title>Lulu 3D Knob - Reticube Technology<\/title>\n<meta name=\"description\" content=\"Il Pomello 3D Lul\u00f9 \u00e8 un complemento d&#039;arredo caratterizzato da un gioco di luci possibile grazie al reticolato d&#039;ottone di cui \u00e8 formato.\" \/>\n<meta name=\"robots\" content=\"index, follow, max-snippet:-1, max-image-preview:large, max-video-preview:-1\" \/>\n<link rel=\"canonical\" href=\"https:\/\/www.reticube.it\/en\/product\/lulu-3d-knob\/\" \/>\n<meta property=\"og:locale\" content=\"en_US\" \/>\n<meta property=\"og:type\" content=\"article\" \/>\n<meta property=\"og:title\" content=\"Lulu 3D Knob - Reticube Technology\" \/>\n<meta property=\"og:description\" content=\"Il Pomello 3D Lul\u00f9 \u00e8 un complemento d&#039;arredo caratterizzato da un gioco di luci possibile grazie al reticolato d&#039;ottone di cui \u00e8 formato.\" \/>\n<meta property=\"og:url\" content=\"https:\/\/www.reticube.it\/en\/product\/lulu-3d-knob\/\" \/>\n<meta property=\"og:site_name\" content=\"Reticube Technology\" \/>\n<meta property=\"article:modified_time\" content=\"2023-09-18T15:40:30+00:00\" \/>\n<meta property=\"og:image\" content=\"https:\/\/www.reticube.it\/wp-content\/uploads\/2023\/08\/Q0126.png\" \/>\n\t<meta property=\"og:image:width\" content=\"1024\" \/>\n\t<meta property=\"og:image:height\" content=\"768\" \/>\n\t<meta property=\"og:image:type\" content=\"image\/png\" \/>\n<meta name=\"twitter:card\" content=\"summary_large_image\" \/>\n<meta name=\"twitter:label1\" content=\"Est. reading time\" \/>\n\t<meta name=\"twitter:data1\" content=\"2 minutes\" \/>\n<script type=\"application\/ld+json\" class=\"yoast-schema-graph\">{\"@context\":\"https:\/\/schema.org\",\"@graph\":[{\"@type\":\"WebPage\",\"@id\":\"https:\/\/www.reticube.it\/en\/product\/lulu-3d-knob\/\",\"url\":\"https:\/\/www.reticube.it\/en\/product\/lulu-3d-knob\/\",\"name\":\"Lulu 3D Knob - Reticube Technology\",\"isPartOf\":{\"@id\":\"https:\/\/www.reticube.it\/#website\"},\"datePublished\":\"2023-08-29T07:57:52+00:00\",\"dateModified\":\"2023-09-18T15:40:30+00:00\",\"description\":\"Il Pomello 3D Lul\u00f9 \u00e8 un complemento d'arredo caratterizzato da un gioco di luci possibile grazie al reticolato d'ottone di cui \u00e8 formato.\",\"breadcrumb\":{\"@id\":\"https:\/\/www.reticube.it\/en\/product\/lulu-3d-knob\/#breadcrumb\"},\"inLanguage\":\"en-US\",\"potentialAction\":[{\"@type\":\"ReadAction\",\"target\":[\"https:\/\/www.reticube.it\/en\/product\/lulu-3d-knob\/\"]}]},{\"@type\":\"BreadcrumbList\",\"@id\":\"https:\/\/www.reticube.it\/en\/product\/lulu-3d-knob\/#breadcrumb\",\"itemListElement\":[{\"@type\":\"ListItem\",\"position\":1,\"name\":\"Home\",\"item\":\"https:\/\/www.reticube.it\/en\/\"},{\"@type\":\"ListItem\",\"position\":2,\"name\":\"Shop\",\"item\":\"https:\/\/www.reticube.it\/en\/shop\/\"},{\"@type\":\"ListItem\",\"position\":3,\"name\":\"Lulu 3D Knob\"}]},{\"@type\":\"WebSite\",\"@id\":\"https:\/\/www.reticube.it\/#website\",\"url\":\"https:\/\/www.reticube.it\/\",\"name\":\"Reticube Technology\",\"description\":\"Dare una nuova forma al futuro\",\"potentialAction\":[{\"@type\":\"SearchAction\",\"target\":{\"@type\":\"EntryPoint\",\"urlTemplate\":\"https:\/\/www.reticube.it\/?s={search_term_string}\"},\"query-input\":\"required name=search_term_string\"}],\"inLanguage\":\"en-US\"}]}<\/script>\n<!-- \/ Yoast SEO plugin. -->","yoast_head_json":{"title":"Lulu 3D Knob - Reticube Technology","description":"Il Pomello 3D Lul\u00f9 \u00e8 un complemento d'arredo caratterizzato da un gioco di luci possibile grazie al reticolato d'ottone di cui \u00e8 formato.","robots":{"index":"index","follow":"follow","max-snippet":"max-snippet:-1","max-image-preview":"max-image-preview:large","max-video-preview":"max-video-preview:-1"},"canonical":"https:\/\/www.reticube.it\/en\/product\/lulu-3d-knob\/","og_locale":"en_US","og_type":"article","og_title":"Lulu 3D Knob - Reticube Technology","og_description":"Il Pomello 3D Lul\u00f9 \u00e8 un complemento d'arredo caratterizzato da un gioco di luci possibile grazie al reticolato d'ottone di cui \u00e8 formato.","og_url":"https:\/\/www.reticube.it\/en\/product\/lulu-3d-knob\/","og_site_name":"Reticube Technology","article_modified_time":"2023-09-18T15:40:30+00:00","og_image":[{"width":1024,"height":768,"url":"https:\/\/www.reticube.it\/wp-content\/uploads\/2023\/08\/Q0126.png","type":"image\/png"}],"twitter_card":"summary_large_image","twitter_misc":{"Est. reading time":"2 minutes"},"schema":{"@context":"https:\/\/schema.org","@graph":[{"@type":"WebPage","@id":"https:\/\/www.reticube.it\/en\/product\/lulu-3d-knob\/","url":"https:\/\/www.reticube.it\/en\/product\/lulu-3d-knob\/","name":"Lulu 3D Knob - Reticube Technology","isPartOf":{"@id":"https:\/\/www.reticube.it\/#website"},"datePublished":"2023-08-29T07:57:52+00:00","dateModified":"2023-09-18T15:40:30+00:00","description":"Il Pomello 3D Lul\u00f9 \u00e8 un complemento d'arredo caratterizzato da un gioco di luci possibile grazie al reticolato d'ottone di cui \u00e8 formato.","breadcrumb":{"@id":"https:\/\/www.reticube.it\/en\/product\/lulu-3d-knob\/#breadcrumb"},"inLanguage":"en-US","potentialAction":[{"@type":"ReadAction","target":["https:\/\/www.reticube.it\/en\/product\/lulu-3d-knob\/"]}]},{"@type":"BreadcrumbList","@id":"https:\/\/www.reticube.it\/en\/product\/lulu-3d-knob\/#breadcrumb","itemListElement":[{"@type":"ListItem","position":1,"name":"Home","item":"https:\/\/www.reticube.it\/en\/"},{"@type":"ListItem","position":2,"name":"Shop","item":"https:\/\/www.reticube.it\/en\/shop\/"},{"@type":"ListItem","position":3,"name":"Lulu 3D Knob"}]},{"@type":"WebSite","@id":"https:\/\/www.reticube.it\/#website","url":"https:\/\/www.reticube.it\/","name":"Reticube Technology","description":"Dare una nuova forma al futuro","potentialAction":[{"@type":"SearchAction","target":{"@type":"EntryPoint","urlTemplate":"https:\/\/www.reticube.it\/?s={search_term_string}"},"query-input":"required name=search_term_string"}],"inLanguage":"en-US"}]}},"_links":{"self":[{"href":"https:\/\/www.reticube.it\/en\/wp-json\/wp\/v2\/product\/5429"}],"collection":[{"href":"https:\/\/www.reticube.it\/en\/wp-json\/wp\/v2\/product"}],"about":[{"href":"https:\/\/www.reticube.it\/en\/wp-json\/wp\/v2\/types\/product"}],"wp:featuredmedia":[{"embeddable":true,"href":"https:\/\/www.reticube.it\/en\/wp-json\/wp\/v2\/media\/5431"}],"wp:attachment":[{"href":"https:\/\/www.reticube.it\/en\/wp-json\/wp\/v2\/media?parent=5429"}],"wp:term":[{"taxonomy":"product_cat","embeddable":true,"href":"https:\/\/www.reticube.it\/en\/wp-json\/wp\/v2\/product_cat?post=5429"},{"taxonomy":"product_tag","embeddable":true,"href":"https:\/\/www.reticube.it\/en\/wp-json\/wp\/v2\/product_tag?post=5429"}],"curies":[{"name":"wp","href":"https:\/\/api.w.org\/{rel}","templated":true}]}}